{"id":93227,"date":"2024-02-04T00:55:29","date_gmt":"2024-02-04T00:55:29","guid":{"rendered":"https:\/\/fit-retail.com\/terms-of-use\/"},"modified":"2025-04-02T13:06:18","modified_gmt":"2025-04-02T13:06:18","slug":"terms-of-use","status":"publish","type":"page","link":"https:\/\/fit-retail.com\/en\/terms-of-use\/","title":{"rendered":"Terms of use"},"content":{"rendered":"\t\t<div data-elementor-type=\"wp-page\" data-elementor-id=\"93227\" class=\"elementor elementor-93227 elementor-3\" data-elementor-post-type=\"page\">\n\t\t\t\t<div class=\"elementor-element elementor-element-228572c e-flex e-con-boxed e-con e-parent\" data-id=\"228572c\" data-element_type=\"container\" data-e-type=\"container\">\n\t\t\t\t\t<div class=\"e-con-inner\">\n\t\t\t\t<div class=\"elementor-element elementor-element-1ddb774 elementor-widget elementor-widget-text-editor\" data-id=\"1ddb774\" data-element_type=\"widget\" data-e-type=\"widget\" data-widget_type=\"text-editor.default\">\n\t\t\t\t<div class=\"elementor-widget-container\">\n\t\t\t\t\t\t\t\t\t<\/p>\n<p><strong>All elements represented on this site belong to Fit Retail.<\/strong><\/p>\n<\/p>\n<p>All rights of representation, reproduction and adaptation reserved. FIT RETAIL, 2023.<\/p>\n<\/p>\n<p><strong>Publisher:<\/strong><\/p>\n<\/p>\n<p>FIT RETAIL, SAS with capital of 751,367 euros, registered under number 350 173 894 at the R.C.S. LILLE METROPOLE.<br \/>Individual tax identification number: FR54350173894<br \/>Head office: 9 rue de l&#8217;Abb\u00e9 Stahl, Parc R\u00e9publique B\u00e2timent A, 59700 Marcq-en-Baroeul<br \/>Tel: 03 10 45 05 25<br \/>E-mail: contact@fit-retail.com<br \/>Name of director and co-director of publication: Philippe BLANCHART<br \/>Editor&#8217;s name: Philippe BLANCHART<br \/>Site host: OVH in Roubaix, 2 rue Kellermann &#8211; 59100 Roubaix &#8211; France<\/p>\n<\/p>\n<p><strong>Privacy policy<\/strong><\/p>\n<\/p>\n<p>In the course of our business, our company may need to process information about you. Some of these data may identify you (&#8220;personal data&#8221;). This privacy policy tells you how we collect and process your personal data. We invite you to read it carefully.<\/p>\n<\/p>\n<p><strong>For what<\/strong><strong>do we use your data?<\/strong><\/p>\n<\/p>\n<p>We only use your personal data in cases of legitimate interest.<\/p>\n<\/p>\n<p>Our legitimate interest in using your data is to :<\/p>\n<\/p>\n<p>&#8211; Give you the opportunity to contact us<\/p>\n<\/p>\n<p>&#8211; Give you the opportunity to apply for our job offers<\/p>\n<\/p>\n<p>&#8211; Characterize the audience of our site in order to improve the experience.<\/p>\n<\/p>\n<p>In any event, your individual rights will always take precedence over our legitimate interests, and we will never use your data for commercial purposes against your wishes. You will always be asked for your consent to the use of your data, and you will always be able to withdraw it.<\/p>\n<\/p>\n<p><strong>How and what data is collected?<\/strong><\/p>\n<\/p>\n<p>&#8211; By filling in a contact form: title, surname, first name, email address and telephone number.<\/p>\n<\/p>\n<p>&#8211; By depositing a cookie in your browser: IP address, operating system (Windows, Mac, Linux, etc.), browser (Firefox, Chrome, Internet Explorer, Safari, etc.), date and time of your visit, address of the web page from which you came, content consulted on our site.<\/p>\n<\/p>\n<p><strong>Who has access to the data we collect?<\/strong><\/p>\n<\/p>\n<p>The data we collect directly via forms is not passed on to any other company. Within our company, only persons authorized to process the receipt of forms may access your personal data.<\/p>\n<\/p>\n<p>The data we collect indirectly via cookies is transmitted to Google Analytics.<\/p>\n<\/p>\n<p><strong>Where is your data physically stored?<\/strong><\/p>\n<\/p>\n<p>The data we collect directly is stored in France, on OVH servers, then internally on our Fit Retail servers. The anonymized data collected via cookies and transmitted to Google Analytics is stored on Google servers.<\/p>\n<\/p>\n<p><strong>How is your data protected?<\/strong><\/p>\n<\/p>\n<p>All exchanges with our website are encrypted with a Let&#8217;s Encrypt SSL certificate. The people in our company who are authorized to consult your data do so via a secure connection with an encrypted login and password.<\/p>\n<\/p>\n<p><strong>What are your rights?<\/strong><\/p>\n<\/p>\n<p>You may withdraw your consent to any of our services at any time. You may also request the total and definitive deletion of your personal data from our systems. Your request must be sent to the attention of the data controller.<\/p>\n<\/p>\n<p><strong>Data controller<\/strong><strong>es<\/strong><\/p>\n<\/p>\n<p>The person responsible for the processing mentioned in this document is Fit Retail.<\/p>\n<\/p>\n<p>The Data Protection Officer can be contacted at: dpo@fit-retail.com<\/p>\n<\/p>\n<p>If the delegate does not reply and you wish to make a complaint, please contact the CNIL: <a href=\"https:\/\/www.cnil.fr\/\"><strong>www.cnil.fr<\/strong><\/a>.<\/p><\/p>\n\t\t\t\t\t\t\t\t<\/div>\n\t\t\t\t<\/div>\n\t\t\t\t\t<\/div>\n\t\t\t\t<\/div>\n\t\t\t\t<\/div>\n\t\t","protected":false},"excerpt":{"rendered":"<p>All elements represented on this site belong to Fit Retail. All rights of representation, reproduction and adaptation reserved. FIT RETAIL, 2023. Publisher: FIT RETAIL, SAS with capital of 751,367 euros, registered under number 350 173 894 at the R.C.S. LILLE METROPOLE. Individual tax identification number: FR54350173894 Head office: 9 rue de l&#8217;Abb\u00e9 Stahl, Parc R\u00e9publique&hellip;<\/p>\n","protected":false},"author":1,"featured_media":0,"parent":0,"menu_order":0,"comment_status":"closed","ping_status":"open","template":"","meta":{"_acf_changed":false,"footnotes":""},"class_list":["post-93227","page","type-page","status-publish","hentry"],"acf":[],"yoast_head":"<!-- This site is optimized with the Yoast SEO plugin v27.3 - https:\/\/yoast.com\/product\/yoast-seo-wordpress\/ -->\n<title>Consult Fit Retail&#039;s legal notice<\/title>\n<meta name=\"description\" content=\"Read Fit Retail&#039;s legal information. Find all legal information about our company and our terms of use.\" \/>\n<meta name=\"robots\" content=\"index, nofollow, max-snippet:-1, max-image-preview:large, max-video-preview:-1\" \/>\n<link rel=\"canonical\" href=\"https:\/\/fit-retail.com\/en\/terms-of-use\/\" \/>\n<meta property=\"og:locale\" content=\"en_US\" \/>\n<meta property=\"og:type\" content=\"article\" \/>\n<meta property=\"og:title\" content=\"Consult Fit Retail&#039;s legal notice\" \/>\n<meta property=\"og:description\" content=\"Read Fit Retail&#039;s legal information. Find all legal information about our company and our terms of use.\" \/>\n<meta property=\"og:url\" content=\"https:\/\/fit-retail.com\/en\/terms-of-use\/\" \/>\n<meta property=\"og:site_name\" content=\"Fit Retail\" \/>\n<meta property=\"article:modified_time\" content=\"2025-04-02T13:06:18+00:00\" \/>\n<meta name=\"twitter:card\" content=\"summary_large_image\" \/>\n<meta name=\"twitter:label1\" content=\"Est. reading time\" \/>\n\t<meta name=\"twitter:data1\" content=\"3 minutes\" \/>\n<script type=\"application\/ld+json\" class=\"yoast-schema-graph\">{\"@context\":\"https:\\\/\\\/schema.org\",\"@graph\":[{\"@type\":\"WebPage\",\"@id\":\"https:\\\/\\\/fit-retail.com\\\/en\\\/terms-of-use\\\/\",\"url\":\"https:\\\/\\\/fit-retail.com\\\/en\\\/terms-of-use\\\/\",\"name\":\"Consult Fit Retail's legal notice\",\"isPartOf\":{\"@id\":\"http:\\\/\\\/fit-retail.com\\\/en\\\/#website\"},\"datePublished\":\"2024-02-04T00:55:29+00:00\",\"dateModified\":\"2025-04-02T13:06:18+00:00\",\"description\":\"Read Fit Retail's legal information. Find all legal information about our company and our terms of use.\",\"breadcrumb\":{\"@id\":\"https:\\\/\\\/fit-retail.com\\\/en\\\/terms-of-use\\\/#breadcrumb\"},\"inLanguage\":\"en-US\",\"potentialAction\":[{\"@type\":\"ReadAction\",\"target\":[\"https:\\\/\\\/fit-retail.com\\\/en\\\/terms-of-use\\\/\"]}]},{\"@type\":\"BreadcrumbList\",\"@id\":\"https:\\\/\\\/fit-retail.com\\\/en\\\/terms-of-use\\\/#breadcrumb\",\"itemListElement\":[{\"@type\":\"ListItem\",\"position\":1,\"name\":\"Accueil\",\"item\":\"https:\\\/\\\/fit-retail.com\\\/en\\\/\"},{\"@type\":\"ListItem\",\"position\":2,\"name\":\"Terms of use\"}]},{\"@type\":\"WebSite\",\"@id\":\"http:\\\/\\\/fit-retail.com\\\/en\\\/#website\",\"url\":\"http:\\\/\\\/fit-retail.com\\\/en\\\/\",\"name\":\"Fit Retail\",\"description\":\"Cabinet d\u2019expertise et d\u2019accompagnement \u00e0 la mise en \u0153uvre des solutions de digitalisation de l\u2019information produit\",\"publisher\":{\"@id\":\"http:\\\/\\\/fit-retail.com\\\/en\\\/#organization\"},\"potentialAction\":[{\"@type\":\"SearchAction\",\"target\":{\"@type\":\"EntryPoint\",\"urlTemplate\":\"http:\\\/\\\/fit-retail.com\\\/en\\\/?s={search_term_string}\"},\"query-input\":{\"@type\":\"PropertyValueSpecification\",\"valueRequired\":true,\"valueName\":\"search_term_string\"}}],\"inLanguage\":\"en-US\"},{\"@type\":\"Organization\",\"@id\":\"http:\\\/\\\/fit-retail.com\\\/en\\\/#organization\",\"name\":\"Fit Retail\",\"url\":\"http:\\\/\\\/fit-retail.com\\\/en\\\/\",\"logo\":{\"@type\":\"ImageObject\",\"inLanguage\":\"en-US\",\"@id\":\"http:\\\/\\\/fit-retail.com\\\/en\\\/#\\\/schema\\\/logo\\\/image\\\/\",\"url\":\"https:\\\/\\\/fit-retail.com\\\/wp-content\\\/uploads\\\/2024\\\/02\\\/logo-fit-retail-scaled.webp\",\"contentUrl\":\"https:\\\/\\\/fit-retail.com\\\/wp-content\\\/uploads\\\/2024\\\/02\\\/logo-fit-retail-scaled.webp\",\"width\":2560,\"height\":967,\"caption\":\"Fit Retail\"},\"image\":{\"@id\":\"http:\\\/\\\/fit-retail.com\\\/en\\\/#\\\/schema\\\/logo\\\/image\\\/\"}}]}<\/script>\n<!-- \/ Yoast SEO plugin. -->","yoast_head_json":{"title":"Consult Fit Retail's legal notice","description":"Read Fit Retail's legal information. Find all legal information about our company and our terms of use.","robots":{"index":"index","follow":"nofollow","max-snippet":"max-snippet:-1","max-image-preview":"max-image-preview:large","max-video-preview":"max-video-preview:-1"},"canonical":"https:\/\/fit-retail.com\/en\/terms-of-use\/","og_locale":"en_US","og_type":"article","og_title":"Consult Fit Retail's legal notice","og_description":"Read Fit Retail's legal information. Find all legal information about our company and our terms of use.","og_url":"https:\/\/fit-retail.com\/en\/terms-of-use\/","og_site_name":"Fit Retail","article_modified_time":"2025-04-02T13:06:18+00:00","twitter_card":"summary_large_image","twitter_misc":{"Est. reading time":"3 minutes"},"schema":{"@context":"https:\/\/schema.org","@graph":[{"@type":"WebPage","@id":"https:\/\/fit-retail.com\/en\/terms-of-use\/","url":"https:\/\/fit-retail.com\/en\/terms-of-use\/","name":"Consult Fit Retail's legal notice","isPartOf":{"@id":"http:\/\/fit-retail.com\/en\/#website"},"datePublished":"2024-02-04T00:55:29+00:00","dateModified":"2025-04-02T13:06:18+00:00","description":"Read Fit Retail's legal information. Find all legal information about our company and our terms of use.","breadcrumb":{"@id":"https:\/\/fit-retail.com\/en\/terms-of-use\/#breadcrumb"},"inLanguage":"en-US","potentialAction":[{"@type":"ReadAction","target":["https:\/\/fit-retail.com\/en\/terms-of-use\/"]}]},{"@type":"BreadcrumbList","@id":"https:\/\/fit-retail.com\/en\/terms-of-use\/#breadcrumb","itemListElement":[{"@type":"ListItem","position":1,"name":"Accueil","item":"https:\/\/fit-retail.com\/en\/"},{"@type":"ListItem","position":2,"name":"Terms of use"}]},{"@type":"WebSite","@id":"http:\/\/fit-retail.com\/en\/#website","url":"http:\/\/fit-retail.com\/en\/","name":"Fit Retail","description":"Cabinet d\u2019expertise et d\u2019accompagnement \u00e0 la mise en \u0153uvre des solutions de digitalisation de l\u2019information produit","publisher":{"@id":"http:\/\/fit-retail.com\/en\/#organization"},"potentialAction":[{"@type":"SearchAction","target":{"@type":"EntryPoint","urlTemplate":"http:\/\/fit-retail.com\/en\/?s={search_term_string}"},"query-input":{"@type":"PropertyValueSpecification","valueRequired":true,"valueName":"search_term_string"}}],"inLanguage":"en-US"},{"@type":"Organization","@id":"http:\/\/fit-retail.com\/en\/#organization","name":"Fit Retail","url":"http:\/\/fit-retail.com\/en\/","logo":{"@type":"ImageObject","inLanguage":"en-US","@id":"http:\/\/fit-retail.com\/en\/#\/schema\/logo\/image\/","url":"https:\/\/fit-retail.com\/wp-content\/uploads\/2024\/02\/logo-fit-retail-scaled.webp","contentUrl":"https:\/\/fit-retail.com\/wp-content\/uploads\/2024\/02\/logo-fit-retail-scaled.webp","width":2560,"height":967,"caption":"Fit Retail"},"image":{"@id":"http:\/\/fit-retail.com\/en\/#\/schema\/logo\/image\/"}}]}},"_links":{"self":[{"href":"https:\/\/fit-retail.com\/en\/wp-json\/wp\/v2\/pages\/93227","targetHints":{"allow":["GET"]}}],"collection":[{"href":"https:\/\/fit-retail.com\/en\/wp-json\/wp\/v2\/pages"}],"about":[{"href":"https:\/\/fit-retail.com\/en\/wp-json\/wp\/v2\/types\/page"}],"author":[{"embeddable":true,"href":"https:\/\/fit-retail.com\/en\/wp-json\/wp\/v2\/users\/1"}],"replies":[{"embeddable":true,"href":"https:\/\/fit-retail.com\/en\/wp-json\/wp\/v2\/comments?post=93227"}],"version-history":[{"count":1,"href":"https:\/\/fit-retail.com\/en\/wp-json\/wp\/v2\/pages\/93227\/revisions"}],"predecessor-version":[{"id":95415,"href":"https:\/\/fit-retail.com\/en\/wp-json\/wp\/v2\/pages\/93227\/revisions\/95415"}],"wp:attachment":[{"href":"https:\/\/fit-retail.com\/en\/wp-json\/wp\/v2\/media?parent=93227"}],"curies":[{"name":"wp","href":"https:\/\/api.w.org\/{rel}","templated":true}]}}